{"id":1460,"date":"2025-09-26T14:53:54","date_gmt":"2025-09-26T14:53:54","guid":{"rendered":"https:\/\/vessemobilya.com\/?post_type=product&#038;p=1460"},"modified":"2025-11-21T11:32:52","modified_gmt":"2025-11-21T11:32:52","slug":"tornado-koltuk-takimi","status":"publish","type":"product","link":"https:\/\/vessemobilya.com\/bg\/produkt\/tornado-koltuk-takimi\/","title":{"rendered":"\u041a\u043e\u043c\u043f\u043b\u0435\u043a\u0442 \u0434\u0438\u0432\u0430\u043d\u0438 Tornado"},"content":{"rendered":"<div class=\"wpb-content-wrapper\"><div class=\"vc_row wpb_row vc_row-fluid\"><div class=\"wpb_column vc_column_container vc_col-sm-12\"><div class=\"vc_column-inner\"><div class=\"wpb_wrapper\">\n\t<div class=\"wpb_text_column wpb_content_element\" >\n\t\t<div class=\"wpb_wrapper\">\n\t\t\t<p><strong>\u041a\u043e\u043c\u043f\u043b\u0435\u043a\u0442 \u0434\u0438\u0432\u0430\u043d\u0438 Tornado<\/strong>\u0421\u044a\u0441 \u0441\u0432\u043e\u044f \u0434\u0438\u043d\u0430\u043c\u0438\u0447\u0435\u043d \u0434\u0438\u0437\u0430\u0439\u043d \u0438 \u0443\u0434\u043e\u0431\u043d\u0430 \u0441\u0442\u0440\u0443\u043a\u0442\u0443\u0440\u0430 \u0442\u044f \u043f\u0440\u0438\u0434\u0430\u0432\u0430 \u043d\u0430 \u0432\u0441\u0435\u043a\u0438\u0434\u043d\u0435\u0432\u043d\u0430\u0442\u0430 \u0432\u0438 \u043c\u043e\u0434\u0435\u0440\u043d\u0430, \u0435\u043d\u0435\u0440\u0433\u0438\u0447\u043d\u0430 \u0438 \u0441\u0442\u0438\u043b\u043d\u0430 \u0430\u0442\u043c\u043e\u0441\u0444\u0435\u0440\u0430.<\/p>\n\n\t\t<\/div>\n\t<\/div>\n<\/div><\/div><\/div><\/div>\n<\/div>","protected":false},"excerpt":{"rendered":"Tornado Koltuk Tak\u0131m\u0131, dinamik tasar\u0131m\u0131 ve konforlu yap\u0131s\u0131yla salonunuza modern, enerjik ve \u015f\u0131k bir atmosfer kazand\u0131r\u0131r","protected":false},"featured_media":1486,"template":"","meta":[],"product_brand":[31],"product_cat":[21],"product_tag":[79],"class_list":{"0":"post-1460","1":"product","2":"type-product","3":"status-publish","4":"has-post-thumbnail","6":"product_brand-ayhan-premium","7":"product_cat-koltuk-takimlari","8":"product_tag-moon","10":"first","11":"instock","12":"shipping-taxable","13":"product-type-simple"},"yoast_head":"<!-- This site is optimized with the Yoast SEO plugin v25.9 - https:\/\/yoast.com\/wordpress\/plugins\/seo\/ -->\n<title>Tornado Koltuk Tak\u0131m\u0131 - Vesse Home<\/title>\n<meta name=\"robots\" content=\"index, follow, max-snippet:-1, max-image-preview:large, max-video-preview:-1\" \/>\n<link rel=\"canonical\" href=\"https:\/\/vessemobilya.com\/bg\/produkt\/tornado-koltuk-takimi\/\" \/>\n<meta property=\"og:locale\" content=\"bg_BG\" \/>\n<meta property=\"og:type\" content=\"article\" \/>\n<meta property=\"og:title\" content=\"Tornado Koltuk Tak\u0131m\u0131 - Vesse Home\" \/>\n<meta property=\"og:url\" content=\"https:\/\/vessemobilya.com\/bg\/produkt\/tornado-koltuk-takimi\/\" \/>\n<meta property=\"og:site_name\" content=\"Vesse Home\" \/>\n<meta property=\"article:modified_time\" content=\"2025-11-21T11:32:52+00:00\" \/>\n<meta property=\"og:image\" content=\"https:\/\/vessemobilya.com\/wp-content\/uploads\/2025\/09\/urun-moon-koltuk-takimi-01.jpg\" \/>\n\t<meta property=\"og:image:width\" content=\"2007\" \/>\n\t<meta property=\"og:image:height\" content=\"1200\" \/>\n\t<meta property=\"og:image:type\" content=\"image\/jpeg\" \/>\n<meta name=\"twitter:card\" content=\"summary_large_image\" \/>\n<meta name=\"twitter:label1\" content=\"Est. reading time\" \/>\n\t<meta name=\"twitter:data1\" content=\"1 \u043c\u0438\u043d\u0443\u0442\u0430\" \/>\n<script type=\"application\/ld+json\" class=\"yoast-schema-graph\">{\"@context\":\"https:\/\/schema.org\",\"@graph\":[{\"@type\":\"WebPage\",\"@id\":\"https:\/\/vessemobilya.com\/urun\/tornado-koltuk-takimi\/\",\"url\":\"https:\/\/vessemobilya.com\/urun\/tornado-koltuk-takimi\/\",\"name\":\"Tornado Koltuk Tak\u0131m\u0131 - Vesse Home\",\"isPartOf\":{\"@id\":\"https:\/\/vessemobilya.com\/#website\"},\"primaryImageOfPage\":{\"@id\":\"https:\/\/vessemobilya.com\/urun\/tornado-koltuk-takimi\/#primaryimage\"},\"image\":{\"@id\":\"https:\/\/vessemobilya.com\/urun\/tornado-koltuk-takimi\/#primaryimage\"},\"thumbnailUrl\":\"https:\/\/vessemobilya.com\/wp-content\/uploads\/2025\/09\/urun-moon-koltuk-takimi-01.jpg\",\"datePublished\":\"2025-09-26T14:53:54+00:00\",\"dateModified\":\"2025-11-21T11:32:52+00:00\",\"breadcrumb\":{\"@id\":\"https:\/\/vessemobilya.com\/urun\/tornado-koltuk-takimi\/#breadcrumb\"},\"inLanguage\":\"bg-BG\",\"potentialAction\":[{\"@type\":\"ReadAction\",\"target\":[\"https:\/\/vessemobilya.com\/urun\/tornado-koltuk-takimi\/\"]}]},{\"@type\":\"ImageObject\",\"inLanguage\":\"bg-BG\",\"@id\":\"https:\/\/vessemobilya.com\/urun\/tornado-koltuk-takimi\/#primaryimage\",\"url\":\"https:\/\/vessemobilya.com\/wp-content\/uploads\/2025\/09\/urun-moon-koltuk-takimi-01.jpg\",\"contentUrl\":\"https:\/\/vessemobilya.com\/wp-content\/uploads\/2025\/09\/urun-moon-koltuk-takimi-01.jpg\",\"width\":2007,\"height\":1200},{\"@type\":\"BreadcrumbList\",\"@id\":\"https:\/\/vessemobilya.com\/urun\/tornado-koltuk-takimi\/#breadcrumb\",\"itemListElement\":[{\"@type\":\"ListItem\",\"position\":1,\"name\":\"Anasayfa\",\"item\":\"https:\/\/vessemobilya.com\/\"},{\"@type\":\"ListItem\",\"position\":2,\"name\":\"Ma\u011faza\",\"item\":\"https:\/\/vessemobilya.com\/magaza\/\"},{\"@type\":\"ListItem\",\"position\":3,\"name\":\"Tornado Koltuk Tak\u0131m\u0131\"}]},{\"@type\":\"WebSite\",\"@id\":\"https:\/\/vessemobilya.com\/#website\",\"url\":\"https:\/\/vessemobilya.com\/\",\"name\":\"Vesse Home\",\"description\":\"2025 Mobilya Modelleri\",\"publisher\":{\"@id\":\"https:\/\/vessemobilya.com\/#organization\"},\"potentialAction\":[{\"@type\":\"SearchAction\",\"target\":{\"@type\":\"EntryPoint\",\"urlTemplate\":\"https:\/\/vessemobilya.com\/?s={search_term_string}\"},\"query-input\":{\"@type\":\"PropertyValueSpecification\",\"valueRequired\":true,\"valueName\":\"search_term_string\"}}],\"inLanguage\":\"bg-BG\"},{\"@type\":\"Organization\",\"@id\":\"https:\/\/vessemobilya.com\/#organization\",\"name\":\"Vesse Home\",\"url\":\"https:\/\/vessemobilya.com\/\",\"logo\":{\"@type\":\"ImageObject\",\"inLanguage\":\"bg-BG\",\"@id\":\"https:\/\/vessemobilya.com\/#\/schema\/logo\/image\/\",\"url\":\"https:\/\/vessemobilya.com\/wp-content\/uploads\/2025\/09\/Varlik-3vesselogoyazi.svg\",\"contentUrl\":\"https:\/\/vessemobilya.com\/wp-content\/uploads\/2025\/09\/Varlik-3vesselogoyazi.svg\",\"width\":1111,\"height\":391,\"caption\":\"Vesse Home\"},\"image\":{\"@id\":\"https:\/\/vessemobilya.com\/#\/schema\/logo\/image\/\"}}]}<\/script>\n<!-- \/ Yoast SEO plugin. -->","yoast_head_json":{"title":"Tornado Koltuk Tak\u0131m\u0131 - Vesse Home","robots":{"index":"index","follow":"follow","max-snippet":"max-snippet:-1","max-image-preview":"max-image-preview:large","max-video-preview":"max-video-preview:-1"},"canonical":"https:\/\/vessemobilya.com\/bg\/produkt\/tornado-koltuk-takimi\/","og_locale":"bg_BG","og_type":"article","og_title":"Tornado Koltuk Tak\u0131m\u0131 - Vesse Home","og_url":"https:\/\/vessemobilya.com\/bg\/produkt\/tornado-koltuk-takimi\/","og_site_name":"Vesse Home","article_modified_time":"2025-11-21T11:32:52+00:00","og_image":[{"width":2007,"height":1200,"url":"https:\/\/vessemobilya.com\/wp-content\/uploads\/2025\/09\/urun-moon-koltuk-takimi-01.jpg","type":"image\/jpeg"}],"twitter_card":"summary_large_image","twitter_misc":{"Est. reading time":"1 \u043c\u0438\u043d\u0443\u0442\u0430"},"schema":{"@context":"https:\/\/schema.org","@graph":[{"@type":"WebPage","@id":"https:\/\/vessemobilya.com\/urun\/tornado-koltuk-takimi\/","url":"https:\/\/vessemobilya.com\/urun\/tornado-koltuk-takimi\/","name":"Tornado Koltuk Tak\u0131m\u0131 - Vesse Home","isPartOf":{"@id":"https:\/\/vessemobilya.com\/#website"},"primaryImageOfPage":{"@id":"https:\/\/vessemobilya.com\/urun\/tornado-koltuk-takimi\/#primaryimage"},"image":{"@id":"https:\/\/vessemobilya.com\/urun\/tornado-koltuk-takimi\/#primaryimage"},"thumbnailUrl":"https:\/\/vessemobilya.com\/wp-content\/uploads\/2025\/09\/urun-moon-koltuk-takimi-01.jpg","datePublished":"2025-09-26T14:53:54+00:00","dateModified":"2025-11-21T11:32:52+00:00","breadcrumb":{"@id":"https:\/\/vessemobilya.com\/urun\/tornado-koltuk-takimi\/#breadcrumb"},"inLanguage":"bg-BG","potentialAction":[{"@type":"ReadAction","target":["https:\/\/vessemobilya.com\/urun\/tornado-koltuk-takimi\/"]}]},{"@type":"ImageObject","inLanguage":"bg-BG","@id":"https:\/\/vessemobilya.com\/urun\/tornado-koltuk-takimi\/#primaryimage","url":"https:\/\/vessemobilya.com\/wp-content\/uploads\/2025\/09\/urun-moon-koltuk-takimi-01.jpg","contentUrl":"https:\/\/vessemobilya.com\/wp-content\/uploads\/2025\/09\/urun-moon-koltuk-takimi-01.jpg","width":2007,"height":1200},{"@type":"BreadcrumbList","@id":"https:\/\/vessemobilya.com\/urun\/tornado-koltuk-takimi\/#breadcrumb","itemListElement":[{"@type":"ListItem","position":1,"name":"Anasayfa","item":"https:\/\/vessemobilya.com\/"},{"@type":"ListItem","position":2,"name":"Ma\u011faza","item":"https:\/\/vessemobilya.com\/magaza\/"},{"@type":"ListItem","position":3,"name":"Tornado Koltuk Tak\u0131m\u0131"}]},{"@type":"WebSite","@id":"https:\/\/vessemobilya.com\/#website","url":"https:\/\/vessemobilya.com\/","name":"Vesse Home","description":"2025 \u041c\u043e\u0434\u0435\u043b\u0438 \u043c\u0435\u0431\u0435\u043b\u0438","publisher":{"@id":"https:\/\/vessemobilya.com\/#organization"},"potentialAction":[{"@type":"SearchAction","target":{"@type":"EntryPoint","urlTemplate":"https:\/\/vessemobilya.com\/?s={search_term_string}"},"query-input":{"@type":"PropertyValueSpecification","valueRequired":true,"valueName":"search_term_string"}}],"inLanguage":"bg-BG"},{"@type":"Organization","@id":"https:\/\/vessemobilya.com\/#organization","name":"Vesse Home","url":"https:\/\/vessemobilya.com\/","logo":{"@type":"ImageObject","inLanguage":"bg-BG","@id":"https:\/\/vessemobilya.com\/#\/schema\/logo\/image\/","url":"https:\/\/vessemobilya.com\/wp-content\/uploads\/2025\/09\/Varlik-3vesselogoyazi.svg","contentUrl":"https:\/\/vessemobilya.com\/wp-content\/uploads\/2025\/09\/Varlik-3vesselogoyazi.svg","width":1111,"height":391,"caption":"Vesse Home"},"image":{"@id":"https:\/\/vessemobilya.com\/#\/schema\/logo\/image\/"}}]}},"_links":{"self":[{"href":"https:\/\/vessemobilya.com\/bg\/wp-json\/wp\/v2\/product\/1460","targetHints":{"allow":["GET"]}}],"collection":[{"href":"https:\/\/vessemobilya.com\/bg\/wp-json\/wp\/v2\/product"}],"about":[{"href":"https:\/\/vessemobilya.com\/bg\/wp-json\/wp\/v2\/types\/product"}],"wp:featuredmedia":[{"embeddable":true,"href":"https:\/\/vessemobilya.com\/bg\/wp-json\/wp\/v2\/media\/1486"}],"wp:attachment":[{"href":"https:\/\/vessemobilya.com\/bg\/wp-json\/wp\/v2\/media?parent=1460"}],"wp:term":[{"taxonomy":"product_brand","embeddable":true,"href":"https:\/\/vessemobilya.com\/bg\/wp-json\/wp\/v2\/product_brand?post=1460"},{"taxonomy":"product_cat","embeddable":true,"href":"https:\/\/vessemobilya.com\/bg\/wp-json\/wp\/v2\/product_cat?post=1460"},{"taxonomy":"product_tag","embeddable":true,"href":"https:\/\/vessemobilya.com\/bg\/wp-json\/wp\/v2\/product_tag?post=1460"}],"curies":[{"name":"wp","href":"https:\/\/api.w.org\/{rel}","templated":true}]}}