{"id":19016,"date":"2026-05-03T14:26:19","date_gmt":"2026-05-03T14:26:19","guid":{"rendered":"https:\/\/vessemobilya.com\/?post_type=product&#038;p=19016"},"modified":"2026-05-06T14:29:22","modified_gmt":"2026-05-06T14:29:22","slug":"lora-dugun-paketi","status":"publish","type":"product","link":"https:\/\/vessemobilya.com\/bg\/produkt\/lora-dugun-paketi\/","title":{"rendered":"\u0421\u0432\u0430\u0442\u0431\u0435\u043d \u043f\u0430\u043a\u0435\u0442 Lora"},"content":{"rendered":"","protected":false},"excerpt":{"rendered":"<p>- \u0421\u044a\u0434\u044a\u0440\u0436\u0430\u043d\u0438\u0435 \u043d\u0430 \u043f\u0430\u043a\u0435\u0442\u0430 -<br \/>\n\u0413\u0430\u0440\u0434\u0435\u0440\u043e\u0431, \u0440\u0430\u043c\u043a\u0430 \u043d\u0430 \u043b\u0435\u0433\u043b\u043e, \u043d\u043e\u0449\u043d\u043e \u0448\u043a\u0430\u0444\u0447\u0435 (2), \u0441\u043a\u0440\u0438\u043d, \u043e\u0433\u043b\u0435\u0434\u0430\u043b\u043e \u0437\u0430 \u0441\u043a\u0440\u0438\u043d<br \/>\n\u041a\u043e\u043d\u0437\u043e\u043b\u0430, \u043a\u043e\u043d\u0437\u043e\u043b\u043d\u043e \u043e\u0433\u043b\u0435\u0434\u0430\u043b\u043e, \u043c\u0430\u0441\u0430, \u0441\u0442\u043e\u043b (4)<br \/>\n\u041a\u043e\u043c\u043f\u043b\u0435\u043a\u0442 \u0434\u0438\u0432\u0430\u043d\u0438 3+3+1<\/p>","protected":false},"featured_media":19017,"template":"","meta":[],"product_brand":[],"product_cat":[61],"product_tag":[],"class_list":{"0":"post-19016","1":"product","2":"type-product","3":"status-publish","4":"has-post-thumbnail","6":"product_cat-dugun-paketleri","8":"first","9":"instock","10":"sale","11":"shipping-taxable","12":"purchasable","13":"product-type-simple"},"yoast_head":"<!-- This site is optimized with the Yoast SEO plugin v25.9 - https:\/\/yoast.com\/wordpress\/plugins\/seo\/ -->\n<title>Lora D\u00fc\u011f\u00fcn Paketi - Vesse Home<\/title>\n<meta name=\"robots\" content=\"index, follow, max-snippet:-1, max-image-preview:large, max-video-preview:-1\" \/>\n<link rel=\"canonical\" href=\"https:\/\/vessemobilya.com\/bg\/produkt\/lora-dugun-paketi\/\" \/>\n<meta property=\"og:locale\" content=\"bg_BG\" \/>\n<meta property=\"og:type\" content=\"article\" \/>\n<meta property=\"og:title\" content=\"Lora D\u00fc\u011f\u00fcn Paketi - Vesse Home\" \/>\n<meta property=\"og:description\" content=\"- Paket \u0130\u00e7eri\u011fi - Gard\u0131rop,Karyola,Komodin(2),\u015eifonyer ,\u015eifonyer Aynas\u0131 Konsol,Konsol Aynas\u0131,Masa,Sandalye (4) 3+3+1 Koltuk Tak\u0131m\u0131\" \/>\n<meta property=\"og:url\" content=\"https:\/\/vessemobilya.com\/bg\/produkt\/lora-dugun-paketi\/\" \/>\n<meta property=\"og:site_name\" content=\"Vesse Home\" \/>\n<meta property=\"article:modified_time\" content=\"2026-05-06T14:29:22+00:00\" \/>\n<meta property=\"og:image\" content=\"https:\/\/vessemobilya.com\/wp-content\/uploads\/2026\/05\/urun-outlet-web-15.jpg\" \/>\n\t<meta property=\"og:image:width\" content=\"600\" \/>\n\t<meta property=\"og:image:height\" content=\"360\" \/>\n\t<meta property=\"og:image:type\" content=\"image\/jpeg\" \/>\n<meta name=\"twitter:card\" content=\"summary_large_image\" \/>\n<meta name=\"twitter:label1\" content=\"Est. reading time\" \/>\n\t<meta name=\"twitter:data1\" content=\"1 \u043c\u0438\u043d\u0443\u0442\u0430\" \/>\n<script type=\"application\/ld+json\" class=\"yoast-schema-graph\">{\"@context\":\"https:\/\/schema.org\",\"@graph\":[{\"@type\":\"WebPage\",\"@id\":\"https:\/\/vessemobilya.com\/urun\/lora-dugun-paketi\/\",\"url\":\"https:\/\/vessemobilya.com\/urun\/lora-dugun-paketi\/\",\"name\":\"Lora D\u00fc\u011f\u00fcn Paketi - Vesse Home\",\"isPartOf\":{\"@id\":\"https:\/\/vessemobilya.com\/#website\"},\"primaryImageOfPage\":{\"@id\":\"https:\/\/vessemobilya.com\/urun\/lora-dugun-paketi\/#primaryimage\"},\"image\":{\"@id\":\"https:\/\/vessemobilya.com\/urun\/lora-dugun-paketi\/#primaryimage\"},\"thumbnailUrl\":\"https:\/\/vessemobilya.com\/wp-content\/uploads\/2026\/05\/urun-outlet-web-15.jpg\",\"datePublished\":\"2026-05-03T14:26:19+00:00\",\"dateModified\":\"2026-05-06T14:29:22+00:00\",\"breadcrumb\":{\"@id\":\"https:\/\/vessemobilya.com\/urun\/lora-dugun-paketi\/#breadcrumb\"},\"inLanguage\":\"bg-BG\",\"potentialAction\":[{\"@type\":\"ReadAction\",\"target\":[\"https:\/\/vessemobilya.com\/urun\/lora-dugun-paketi\/\"]}]},{\"@type\":\"ImageObject\",\"inLanguage\":\"bg-BG\",\"@id\":\"https:\/\/vessemobilya.com\/urun\/lora-dugun-paketi\/#primaryimage\",\"url\":\"https:\/\/vessemobilya.com\/wp-content\/uploads\/2026\/05\/urun-outlet-web-15.jpg\",\"contentUrl\":\"https:\/\/vessemobilya.com\/wp-content\/uploads\/2026\/05\/urun-outlet-web-15.jpg\",\"width\":600,\"height\":360},{\"@type\":\"BreadcrumbList\",\"@id\":\"https:\/\/vessemobilya.com\/urun\/lora-dugun-paketi\/#breadcrumb\",\"itemListElement\":[{\"@type\":\"ListItem\",\"position\":1,\"name\":\"Anasayfa\",\"item\":\"https:\/\/vessemobilya.com\/\"},{\"@type\":\"ListItem\",\"position\":2,\"name\":\"Ma\u011faza\",\"item\":\"https:\/\/vessemobilya.com\/magaza\/\"},{\"@type\":\"ListItem\",\"position\":3,\"name\":\"Lora D\u00fc\u011f\u00fcn Paketi\"}]},{\"@type\":\"WebSite\",\"@id\":\"https:\/\/vessemobilya.com\/#website\",\"url\":\"https:\/\/vessemobilya.com\/\",\"name\":\"Vesse Home\",\"description\":\"2025 Mobilya Modelleri\",\"publisher\":{\"@id\":\"https:\/\/vessemobilya.com\/#organization\"},\"potentialAction\":[{\"@type\":\"SearchAction\",\"target\":{\"@type\":\"EntryPoint\",\"urlTemplate\":\"https:\/\/vessemobilya.com\/?s={search_term_string}\"},\"query-input\":{\"@type\":\"PropertyValueSpecification\",\"valueRequired\":true,\"valueName\":\"search_term_string\"}}],\"inLanguage\":\"bg-BG\"},{\"@type\":\"Organization\",\"@id\":\"https:\/\/vessemobilya.com\/#organization\",\"name\":\"Vesse Home\",\"url\":\"https:\/\/vessemobilya.com\/\",\"logo\":{\"@type\":\"ImageObject\",\"inLanguage\":\"bg-BG\",\"@id\":\"https:\/\/vessemobilya.com\/#\/schema\/logo\/image\/\",\"url\":\"https:\/\/vessemobilya.com\/wp-content\/uploads\/2025\/09\/Varlik-3vesselogoyazi.svg\",\"contentUrl\":\"https:\/\/vessemobilya.com\/wp-content\/uploads\/2025\/09\/Varlik-3vesselogoyazi.svg\",\"width\":1111,\"height\":391,\"caption\":\"Vesse Home\"},\"image\":{\"@id\":\"https:\/\/vessemobilya.com\/#\/schema\/logo\/image\/\"}}]}<\/script>\n<!-- \/ Yoast SEO plugin. -->","yoast_head_json":{"title":"Lora D\u00fc\u011f\u00fcn Paketi - Vesse Home","robots":{"index":"index","follow":"follow","max-snippet":"max-snippet:-1","max-image-preview":"max-image-preview:large","max-video-preview":"max-video-preview:-1"},"canonical":"https:\/\/vessemobilya.com\/bg\/produkt\/lora-dugun-paketi\/","og_locale":"bg_BG","og_type":"article","og_title":"Lora D\u00fc\u011f\u00fcn Paketi - Vesse Home","og_description":"- Paket \u0130\u00e7eri\u011fi - Gard\u0131rop,Karyola,Komodin(2),\u015eifonyer ,\u015eifonyer Aynas\u0131 Konsol,Konsol Aynas\u0131,Masa,Sandalye (4) 3+3+1 Koltuk Tak\u0131m\u0131","og_url":"https:\/\/vessemobilya.com\/bg\/produkt\/lora-dugun-paketi\/","og_site_name":"Vesse Home","article_modified_time":"2026-05-06T14:29:22+00:00","og_image":[{"width":600,"height":360,"url":"https:\/\/vessemobilya.com\/wp-content\/uploads\/2026\/05\/urun-outlet-web-15.jpg","type":"image\/jpeg"}],"twitter_card":"summary_large_image","twitter_misc":{"Est. reading time":"1 \u043c\u0438\u043d\u0443\u0442\u0430"},"schema":{"@context":"https:\/\/schema.org","@graph":[{"@type":"WebPage","@id":"https:\/\/vessemobilya.com\/urun\/lora-dugun-paketi\/","url":"https:\/\/vessemobilya.com\/urun\/lora-dugun-paketi\/","name":"Lora D\u00fc\u011f\u00fcn Paketi - Vesse Home","isPartOf":{"@id":"https:\/\/vessemobilya.com\/#website"},"primaryImageOfPage":{"@id":"https:\/\/vessemobilya.com\/urun\/lora-dugun-paketi\/#primaryimage"},"image":{"@id":"https:\/\/vessemobilya.com\/urun\/lora-dugun-paketi\/#primaryimage"},"thumbnailUrl":"https:\/\/vessemobilya.com\/wp-content\/uploads\/2026\/05\/urun-outlet-web-15.jpg","datePublished":"2026-05-03T14:26:19+00:00","dateModified":"2026-05-06T14:29:22+00:00","breadcrumb":{"@id":"https:\/\/vessemobilya.com\/urun\/lora-dugun-paketi\/#breadcrumb"},"inLanguage":"bg-BG","potentialAction":[{"@type":"ReadAction","target":["https:\/\/vessemobilya.com\/urun\/lora-dugun-paketi\/"]}]},{"@type":"ImageObject","inLanguage":"bg-BG","@id":"https:\/\/vessemobilya.com\/urun\/lora-dugun-paketi\/#primaryimage","url":"https:\/\/vessemobilya.com\/wp-content\/uploads\/2026\/05\/urun-outlet-web-15.jpg","contentUrl":"https:\/\/vessemobilya.com\/wp-content\/uploads\/2026\/05\/urun-outlet-web-15.jpg","width":600,"height":360},{"@type":"BreadcrumbList","@id":"https:\/\/vessemobilya.com\/urun\/lora-dugun-paketi\/#breadcrumb","itemListElement":[{"@type":"ListItem","position":1,"name":"Anasayfa","item":"https:\/\/vessemobilya.com\/"},{"@type":"ListItem","position":2,"name":"Ma\u011faza","item":"https:\/\/vessemobilya.com\/magaza\/"},{"@type":"ListItem","position":3,"name":"Lora D\u00fc\u011f\u00fcn Paketi"}]},{"@type":"WebSite","@id":"https:\/\/vessemobilya.com\/#website","url":"https:\/\/vessemobilya.com\/","name":"Vesse Home","description":"2025 \u041c\u043e\u0434\u0435\u043b\u0438 \u043c\u0435\u0431\u0435\u043b\u0438","publisher":{"@id":"https:\/\/vessemobilya.com\/#organization"},"potentialAction":[{"@type":"SearchAction","target":{"@type":"EntryPoint","urlTemplate":"https:\/\/vessemobilya.com\/?s={search_term_string}"},"query-input":{"@type":"PropertyValueSpecification","valueRequired":true,"valueName":"search_term_string"}}],"inLanguage":"bg-BG"},{"@type":"Organization","@id":"https:\/\/vessemobilya.com\/#organization","name":"Vesse Home","url":"https:\/\/vessemobilya.com\/","logo":{"@type":"ImageObject","inLanguage":"bg-BG","@id":"https:\/\/vessemobilya.com\/#\/schema\/logo\/image\/","url":"https:\/\/vessemobilya.com\/wp-content\/uploads\/2025\/09\/Varlik-3vesselogoyazi.svg","contentUrl":"https:\/\/vessemobilya.com\/wp-content\/uploads\/2025\/09\/Varlik-3vesselogoyazi.svg","width":1111,"height":391,"caption":"Vesse Home"},"image":{"@id":"https:\/\/vessemobilya.com\/#\/schema\/logo\/image\/"}}]}},"_links":{"self":[{"href":"https:\/\/vessemobilya.com\/bg\/wp-json\/wp\/v2\/product\/19016","targetHints":{"allow":["GET"]}}],"collection":[{"href":"https:\/\/vessemobilya.com\/bg\/wp-json\/wp\/v2\/product"}],"about":[{"href":"https:\/\/vessemobilya.com\/bg\/wp-json\/wp\/v2\/types\/product"}],"wp:featuredmedia":[{"embeddable":true,"href":"https:\/\/vessemobilya.com\/bg\/wp-json\/wp\/v2\/media\/19017"}],"wp:attachment":[{"href":"https:\/\/vessemobilya.com\/bg\/wp-json\/wp\/v2\/media?parent=19016"}],"wp:term":[{"taxonomy":"product_brand","embeddable":true,"href":"https:\/\/vessemobilya.com\/bg\/wp-json\/wp\/v2\/product_brand?post=19016"},{"taxonomy":"product_cat","embeddable":true,"href":"https:\/\/vessemobilya.com\/bg\/wp-json\/wp\/v2\/product_cat?post=19016"},{"taxonomy":"product_tag","embeddable":true,"href":"https:\/\/vessemobilya.com\/bg\/wp-json\/wp\/v2\/product_tag?post=19016"}],"curies":[{"name":"wp","href":"https:\/\/api.w.org\/{rel}","templated":true}]}}