{"id":3623,"date":"2025-09-30T07:58:44","date_gmt":"2025-09-30T07:58:44","guid":{"rendered":"https:\/\/vessemobilya.com\/?post_type=product&#038;p=3623"},"modified":"2025-11-21T13:35:08","modified_gmt":"2025-11-21T13:35:08","slug":"fairy-ceviz-sehpa","status":"publish","type":"product","link":"https:\/\/vessemobilya.com\/bg\/produkt\/fairy-ceviz-sehpa\/","title":{"rendered":"\u041c\u0430\u0441\u0438\u0447\u043a\u0430 \u0437\u0430 \u043a\u0430\u0444\u0435 \u043e\u0442 \u043e\u0440\u0435\u0445 Fairy"},"content":{"rendered":"<div class=\"wpb-content-wrapper\"><div class=\"vc_row wpb_row vc_row-fluid\"><div class=\"wpb_column vc_column_container vc_col-sm-12\"><div class=\"vc_column-inner\"><div class=\"wpb_wrapper\">\n\t<div class=\"wpb_text_column wpb_content_element\" >\n\t\t<div class=\"wpb_wrapper\">\n\t\t\t<p><strong>\u041c\u0430\u0441\u0438\u0447\u043a\u0430 \u0437\u0430 \u043a\u0430\u0444\u0435 \u043e\u0442 \u043e\u0440\u0435\u0445 Fairy<\/strong>\u0421\u044a\u0441 \u0441\u0432\u043e\u044f\u0442\u0430 \u0435\u0441\u0442\u0435\u0441\u0442\u0432\u0435\u043d\u0430 \u043e\u0440\u0435\u0445\u043e\u0432\u0430 \u0442\u0435\u043a\u0441\u0442\u0443\u0440\u0430 \u0438 \u0435\u043b\u0435\u0433\u0430\u043d\u0442\u0435\u043d \u0434\u0438\u0437\u0430\u0439\u043d \u0442\u044f \u0432\u043d\u0430\u0441\u044f \u0442\u043e\u043f\u043b\u0438\u043d\u0430 \u0438 \u0435\u0441\u0442\u0435\u0442\u0438\u0447\u0435\u0441\u043a\u0430 \u0435\u043b\u0435\u0433\u0430\u043d\u0442\u043d\u043e\u0441\u0442 \u0432\u044a\u0432 \u0432\u0430\u0448\u0438\u0442\u0435 \u0436\u0438\u043b\u0438\u0449\u043d\u0438 \u043f\u0440\u043e\u0441\u0442\u0440\u0430\u043d\u0441\u0442\u0432\u0430.<\/p>\n\n\t\t<\/div>\n\t<\/div>\n<\/div><\/div><\/div><\/div>\n<\/div>","protected":false},"excerpt":{"rendered":"Fairy Ceviz Sehpa, do\u011fal ceviz dokusu ve zarif tasar\u0131m\u0131yla ya\u015fam alanlar\u0131n\u0131za s\u0131cakl\u0131k ve estetik bir \u015f\u0131kl\u0131k kazand\u0131r\u0131r.","protected":false},"featured_media":3636,"template":"","meta":[],"product_brand":[39],"product_cat":[32],"product_tag":[130],"class_list":{"0":"post-3623","1":"product","2":"type-product","3":"status-publish","4":"has-post-thumbnail","6":"product_brand-efar-home","7":"product_cat-sehpalar","8":"product_tag-peri-ceviz","10":"first","11":"instock","12":"shipping-taxable","13":"product-type-simple"},"yoast_head":"<!-- This site is optimized with the Yoast SEO plugin v25.9 - https:\/\/yoast.com\/wordpress\/plugins\/seo\/ -->\n<title>Fairy Ceviz Sehpa - Vesse Home<\/title>\n<meta name=\"robots\" content=\"index, follow, max-snippet:-1, max-image-preview:large, max-video-preview:-1\" \/>\n<link rel=\"canonical\" href=\"https:\/\/vessemobilya.com\/bg\/produkt\/fairy-ceviz-sehpa\/\" \/>\n<meta property=\"og:locale\" content=\"bg_BG\" \/>\n<meta property=\"og:type\" content=\"article\" \/>\n<meta property=\"og:title\" content=\"Fairy Ceviz Sehpa - Vesse Home\" \/>\n<meta property=\"og:url\" content=\"https:\/\/vessemobilya.com\/bg\/produkt\/fairy-ceviz-sehpa\/\" \/>\n<meta property=\"og:site_name\" content=\"Vesse Home\" \/>\n<meta property=\"article:modified_time\" content=\"2025-11-21T13:35:08+00:00\" \/>\n<meta property=\"og:image\" content=\"https:\/\/vessemobilya.com\/wp-content\/uploads\/2025\/09\/urun-peri-ceviz-sehpa-01.jpg\" \/>\n\t<meta property=\"og:image:width\" content=\"1800\" \/>\n\t<meta property=\"og:image:height\" content=\"1200\" \/>\n\t<meta property=\"og:image:type\" content=\"image\/jpeg\" \/>\n<meta name=\"twitter:card\" content=\"summary_large_image\" \/>\n<meta name=\"twitter:label1\" content=\"Est. reading time\" \/>\n\t<meta name=\"twitter:data1\" content=\"1 \u043c\u0438\u043d\u0443\u0442\u0430\" \/>\n<script type=\"application\/ld+json\" class=\"yoast-schema-graph\">{\"@context\":\"https:\/\/schema.org\",\"@graph\":[{\"@type\":\"WebPage\",\"@id\":\"https:\/\/vessemobilya.com\/urun\/fairy-ceviz-sehpa\/\",\"url\":\"https:\/\/vessemobilya.com\/urun\/fairy-ceviz-sehpa\/\",\"name\":\"Fairy Ceviz Sehpa - Vesse Home\",\"isPartOf\":{\"@id\":\"https:\/\/vessemobilya.com\/#website\"},\"primaryImageOfPage\":{\"@id\":\"https:\/\/vessemobilya.com\/urun\/fairy-ceviz-sehpa\/#primaryimage\"},\"image\":{\"@id\":\"https:\/\/vessemobilya.com\/urun\/fairy-ceviz-sehpa\/#primaryimage\"},\"thumbnailUrl\":\"https:\/\/vessemobilya.com\/wp-content\/uploads\/2025\/09\/urun-peri-ceviz-sehpa-01.jpg\",\"datePublished\":\"2025-09-30T07:58:44+00:00\",\"dateModified\":\"2025-11-21T13:35:08+00:00\",\"breadcrumb\":{\"@id\":\"https:\/\/vessemobilya.com\/urun\/fairy-ceviz-sehpa\/#breadcrumb\"},\"inLanguage\":\"bg-BG\",\"potentialAction\":[{\"@type\":\"ReadAction\",\"target\":[\"https:\/\/vessemobilya.com\/urun\/fairy-ceviz-sehpa\/\"]}]},{\"@type\":\"ImageObject\",\"inLanguage\":\"bg-BG\",\"@id\":\"https:\/\/vessemobilya.com\/urun\/fairy-ceviz-sehpa\/#primaryimage\",\"url\":\"https:\/\/vessemobilya.com\/wp-content\/uploads\/2025\/09\/urun-peri-ceviz-sehpa-01.jpg\",\"contentUrl\":\"https:\/\/vessemobilya.com\/wp-content\/uploads\/2025\/09\/urun-peri-ceviz-sehpa-01.jpg\",\"width\":1800,\"height\":1200},{\"@type\":\"BreadcrumbList\",\"@id\":\"https:\/\/vessemobilya.com\/urun\/fairy-ceviz-sehpa\/#breadcrumb\",\"itemListElement\":[{\"@type\":\"ListItem\",\"position\":1,\"name\":\"Anasayfa\",\"item\":\"https:\/\/vessemobilya.com\/\"},{\"@type\":\"ListItem\",\"position\":2,\"name\":\"Ma\u011faza\",\"item\":\"https:\/\/vessemobilya.com\/magaza\/\"},{\"@type\":\"ListItem\",\"position\":3,\"name\":\"Fairy Ceviz Sehpa\"}]},{\"@type\":\"WebSite\",\"@id\":\"https:\/\/vessemobilya.com\/#website\",\"url\":\"https:\/\/vessemobilya.com\/\",\"name\":\"Vesse Home\",\"description\":\"2025 Mobilya Modelleri\",\"publisher\":{\"@id\":\"https:\/\/vessemobilya.com\/#organization\"},\"potentialAction\":[{\"@type\":\"SearchAction\",\"target\":{\"@type\":\"EntryPoint\",\"urlTemplate\":\"https:\/\/vessemobilya.com\/?s={search_term_string}\"},\"query-input\":{\"@type\":\"PropertyValueSpecification\",\"valueRequired\":true,\"valueName\":\"search_term_string\"}}],\"inLanguage\":\"bg-BG\"},{\"@type\":\"Organization\",\"@id\":\"https:\/\/vessemobilya.com\/#organization\",\"name\":\"Vesse Home\",\"url\":\"https:\/\/vessemobilya.com\/\",\"logo\":{\"@type\":\"ImageObject\",\"inLanguage\":\"bg-BG\",\"@id\":\"https:\/\/vessemobilya.com\/#\/schema\/logo\/image\/\",\"url\":\"https:\/\/vessemobilya.com\/wp-content\/uploads\/2025\/09\/Varlik-3vesselogoyazi.svg\",\"contentUrl\":\"https:\/\/vessemobilya.com\/wp-content\/uploads\/2025\/09\/Varlik-3vesselogoyazi.svg\",\"width\":1111,\"height\":391,\"caption\":\"Vesse Home\"},\"image\":{\"@id\":\"https:\/\/vessemobilya.com\/#\/schema\/logo\/image\/\"}}]}<\/script>\n<!-- \/ Yoast SEO plugin. -->","yoast_head_json":{"title":"Fairy Ceviz Sehpa - Vesse Home","robots":{"index":"index","follow":"follow","max-snippet":"max-snippet:-1","max-image-preview":"max-image-preview:large","max-video-preview":"max-video-preview:-1"},"canonical":"https:\/\/vessemobilya.com\/bg\/produkt\/fairy-ceviz-sehpa\/","og_locale":"bg_BG","og_type":"article","og_title":"Fairy Ceviz Sehpa - Vesse Home","og_url":"https:\/\/vessemobilya.com\/bg\/produkt\/fairy-ceviz-sehpa\/","og_site_name":"Vesse Home","article_modified_time":"2025-11-21T13:35:08+00:00","og_image":[{"width":1800,"height":1200,"url":"https:\/\/vessemobilya.com\/wp-content\/uploads\/2025\/09\/urun-peri-ceviz-sehpa-01.jpg","type":"image\/jpeg"}],"twitter_card":"summary_large_image","twitter_misc":{"Est. reading time":"1 \u043c\u0438\u043d\u0443\u0442\u0430"},"schema":{"@context":"https:\/\/schema.org","@graph":[{"@type":"WebPage","@id":"https:\/\/vessemobilya.com\/urun\/fairy-ceviz-sehpa\/","url":"https:\/\/vessemobilya.com\/urun\/fairy-ceviz-sehpa\/","name":"Fairy Ceviz Sehpa - Vesse Home","isPartOf":{"@id":"https:\/\/vessemobilya.com\/#website"},"primaryImageOfPage":{"@id":"https:\/\/vessemobilya.com\/urun\/fairy-ceviz-sehpa\/#primaryimage"},"image":{"@id":"https:\/\/vessemobilya.com\/urun\/fairy-ceviz-sehpa\/#primaryimage"},"thumbnailUrl":"https:\/\/vessemobilya.com\/wp-content\/uploads\/2025\/09\/urun-peri-ceviz-sehpa-01.jpg","datePublished":"2025-09-30T07:58:44+00:00","dateModified":"2025-11-21T13:35:08+00:00","breadcrumb":{"@id":"https:\/\/vessemobilya.com\/urun\/fairy-ceviz-sehpa\/#breadcrumb"},"inLanguage":"bg-BG","potentialAction":[{"@type":"ReadAction","target":["https:\/\/vessemobilya.com\/urun\/fairy-ceviz-sehpa\/"]}]},{"@type":"ImageObject","inLanguage":"bg-BG","@id":"https:\/\/vessemobilya.com\/urun\/fairy-ceviz-sehpa\/#primaryimage","url":"https:\/\/vessemobilya.com\/wp-content\/uploads\/2025\/09\/urun-peri-ceviz-sehpa-01.jpg","contentUrl":"https:\/\/vessemobilya.com\/wp-content\/uploads\/2025\/09\/urun-peri-ceviz-sehpa-01.jpg","width":1800,"height":1200},{"@type":"BreadcrumbList","@id":"https:\/\/vessemobilya.com\/urun\/fairy-ceviz-sehpa\/#breadcrumb","itemListElement":[{"@type":"ListItem","position":1,"name":"Anasayfa","item":"https:\/\/vessemobilya.com\/"},{"@type":"ListItem","position":2,"name":"Ma\u011faza","item":"https:\/\/vessemobilya.com\/magaza\/"},{"@type":"ListItem","position":3,"name":"Fairy Ceviz Sehpa"}]},{"@type":"WebSite","@id":"https:\/\/vessemobilya.com\/#website","url":"https:\/\/vessemobilya.com\/","name":"Vesse Home","description":"2025 \u041c\u043e\u0434\u0435\u043b\u0438 \u043c\u0435\u0431\u0435\u043b\u0438","publisher":{"@id":"https:\/\/vessemobilya.com\/#organization"},"potentialAction":[{"@type":"SearchAction","target":{"@type":"EntryPoint","urlTemplate":"https:\/\/vessemobilya.com\/?s={search_term_string}"},"query-input":{"@type":"PropertyValueSpecification","valueRequired":true,"valueName":"search_term_string"}}],"inLanguage":"bg-BG"},{"@type":"Organization","@id":"https:\/\/vessemobilya.com\/#organization","name":"Vesse Home","url":"https:\/\/vessemobilya.com\/","logo":{"@type":"ImageObject","inLanguage":"bg-BG","@id":"https:\/\/vessemobilya.com\/#\/schema\/logo\/image\/","url":"https:\/\/vessemobilya.com\/wp-content\/uploads\/2025\/09\/Varlik-3vesselogoyazi.svg","contentUrl":"https:\/\/vessemobilya.com\/wp-content\/uploads\/2025\/09\/Varlik-3vesselogoyazi.svg","width":1111,"height":391,"caption":"Vesse Home"},"image":{"@id":"https:\/\/vessemobilya.com\/#\/schema\/logo\/image\/"}}]}},"_links":{"self":[{"href":"https:\/\/vessemobilya.com\/bg\/wp-json\/wp\/v2\/product\/3623","targetHints":{"allow":["GET"]}}],"collection":[{"href":"https:\/\/vessemobilya.com\/bg\/wp-json\/wp\/v2\/product"}],"about":[{"href":"https:\/\/vessemobilya.com\/bg\/wp-json\/wp\/v2\/types\/product"}],"wp:featuredmedia":[{"embeddable":true,"href":"https:\/\/vessemobilya.com\/bg\/wp-json\/wp\/v2\/media\/3636"}],"wp:attachment":[{"href":"https:\/\/vessemobilya.com\/bg\/wp-json\/wp\/v2\/media?parent=3623"}],"wp:term":[{"taxonomy":"product_brand","embeddable":true,"href":"https:\/\/vessemobilya.com\/bg\/wp-json\/wp\/v2\/product_brand?post=3623"},{"taxonomy":"product_cat","embeddable":true,"href":"https:\/\/vessemobilya.com\/bg\/wp-json\/wp\/v2\/product_cat?post=3623"},{"taxonomy":"product_tag","embeddable":true,"href":"https:\/\/vessemobilya.com\/bg\/wp-json\/wp\/v2\/product_tag?post=3623"}],"curies":[{"name":"wp","href":"https:\/\/api.w.org\/{rel}","templated":true}]}}