{"id":6571,"date":"2025-10-03T10:28:06","date_gmt":"2025-10-03T10:28:06","guid":{"rendered":"https:\/\/vessemobilya.com\/?post_type=product&#038;p=6571"},"modified":"2025-11-27T13:23:48","modified_gmt":"2025-11-27T13:23:48","slug":"siena-kose-koltuk-takimi-2","status":"publish","type":"product","link":"https:\/\/vessemobilya.com\/en\/product\/siena-kose-koltuk-takimi-2\/","title":{"rendered":"Siena Corner Sofa Set"},"content":{"rendered":"<div class=\"wpb-content-wrapper\"><div class=\"vc_row wpb_row vc_row-fluid\"><div class=\"wpb_column vc_column_container vc_col-sm-12\"><div class=\"vc_column-inner\"><div class=\"wpb_wrapper\">\n\t<div class=\"wpb_text_column wpb_content_element\" >\n\t\t<div class=\"wpb_wrapper\">\n\t\t\t<p data-start=\"167\" data-end=\"278\"><strong>Siena Corner Sofa Set<\/strong>With its simple lines and elegant form, it brings a serene elegance to living spaces.<\/p>\n\n\t\t<\/div>\n\t<\/div>\n<\/div><\/div><\/div><\/div>\n<\/div>","protected":false},"excerpt":{"rendered":"Siena K\u00f6\u015fe Koltuk Tak\u0131m\u0131, sade \u00e7izgileri ve zarif formuyla ya\u015fam alanlar\u0131na dingin bir \u015f\u0131kl\u0131k kazand\u0131r\u0131r.","protected":false},"featured_media":6592,"template":"","meta":[],"product_brand":[51],"product_cat":[22],"product_tag":[387],"class_list":{"0":"post-6571","1":"product","2":"type-product","3":"status-publish","4":"has-post-thumbnail","6":"product_brand-yol-living","7":"product_cat-kose-koltuk-takimi","8":"product_tag-siesta","10":"first","11":"instock","12":"shipping-taxable","13":"product-type-simple"},"yoast_head":"<!-- This site is optimized with the Yoast SEO plugin v25.9 - https:\/\/yoast.com\/wordpress\/plugins\/seo\/ -->\n<title>Siena K\u00f6\u015fe Koltuk Tak\u0131m\u0131 - Vesse Home<\/title>\n<meta name=\"robots\" content=\"index, follow, max-snippet:-1, max-image-preview:large, max-video-preview:-1\" \/>\n<link rel=\"canonical\" href=\"https:\/\/vessemobilya.com\/en\/product\/siena-kose-koltuk-takimi-2\/\" \/>\n<meta property=\"og:locale\" content=\"en_GB\" \/>\n<meta property=\"og:type\" content=\"article\" \/>\n<meta property=\"og:title\" content=\"Siena K\u00f6\u015fe Koltuk Tak\u0131m\u0131 - Vesse Home\" \/>\n<meta property=\"og:url\" content=\"https:\/\/vessemobilya.com\/en\/product\/siena-kose-koltuk-takimi-2\/\" \/>\n<meta property=\"og:site_name\" content=\"Vesse Home\" \/>\n<meta property=\"article:modified_time\" content=\"2025-11-27T13:23:48+00:00\" \/>\n<meta property=\"og:image\" content=\"https:\/\/vessemobilya.com\/wp-content\/uploads\/2025\/10\/urun-siesta-kose-koltuk-takimi-26.jpg\" \/>\n\t<meta property=\"og:image:width\" content=\"1440\" \/>\n\t<meta property=\"og:image:height\" content=\"913\" \/>\n\t<meta property=\"og:image:type\" content=\"image\/jpeg\" \/>\n<meta name=\"twitter:card\" content=\"summary_large_image\" \/>\n<meta name=\"twitter:label1\" content=\"Estimated reading time\" \/>\n\t<meta name=\"twitter:data1\" content=\"1 minute\" \/>\n<script type=\"application\/ld+json\" class=\"yoast-schema-graph\">{\"@context\":\"https:\/\/schema.org\",\"@graph\":[{\"@type\":\"WebPage\",\"@id\":\"https:\/\/vessemobilya.com\/urun\/siena-kose-koltuk-takimi-2\/\",\"url\":\"https:\/\/vessemobilya.com\/urun\/siena-kose-koltuk-takimi-2\/\",\"name\":\"Siena K\u00f6\u015fe Koltuk Tak\u0131m\u0131 - Vesse Home\",\"isPartOf\":{\"@id\":\"https:\/\/vessemobilya.com\/#website\"},\"primaryImageOfPage\":{\"@id\":\"https:\/\/vessemobilya.com\/urun\/siena-kose-koltuk-takimi-2\/#primaryimage\"},\"image\":{\"@id\":\"https:\/\/vessemobilya.com\/urun\/siena-kose-koltuk-takimi-2\/#primaryimage\"},\"thumbnailUrl\":\"https:\/\/vessemobilya.com\/wp-content\/uploads\/2025\/10\/urun-siesta-kose-koltuk-takimi-26.jpg\",\"datePublished\":\"2025-10-03T10:28:06+00:00\",\"dateModified\":\"2025-11-27T13:23:48+00:00\",\"breadcrumb\":{\"@id\":\"https:\/\/vessemobilya.com\/urun\/siena-kose-koltuk-takimi-2\/#breadcrumb\"},\"inLanguage\":\"en-GB\",\"potentialAction\":[{\"@type\":\"ReadAction\",\"target\":[\"https:\/\/vessemobilya.com\/urun\/siena-kose-koltuk-takimi-2\/\"]}]},{\"@type\":\"ImageObject\",\"inLanguage\":\"en-GB\",\"@id\":\"https:\/\/vessemobilya.com\/urun\/siena-kose-koltuk-takimi-2\/#primaryimage\",\"url\":\"https:\/\/vessemobilya.com\/wp-content\/uploads\/2025\/10\/urun-siesta-kose-koltuk-takimi-26.jpg\",\"contentUrl\":\"https:\/\/vessemobilya.com\/wp-content\/uploads\/2025\/10\/urun-siesta-kose-koltuk-takimi-26.jpg\",\"width\":1440,\"height\":913},{\"@type\":\"BreadcrumbList\",\"@id\":\"https:\/\/vessemobilya.com\/urun\/siena-kose-koltuk-takimi-2\/#breadcrumb\",\"itemListElement\":[{\"@type\":\"ListItem\",\"position\":1,\"name\":\"Anasayfa\",\"item\":\"https:\/\/vessemobilya.com\/\"},{\"@type\":\"ListItem\",\"position\":2,\"name\":\"Ma\u011faza\",\"item\":\"https:\/\/vessemobilya.com\/magaza\/\"},{\"@type\":\"ListItem\",\"position\":3,\"name\":\"Siena K\u00f6\u015fe Koltuk Tak\u0131m\u0131\"}]},{\"@type\":\"WebSite\",\"@id\":\"https:\/\/vessemobilya.com\/#website\",\"url\":\"https:\/\/vessemobilya.com\/\",\"name\":\"Vesse Home\",\"description\":\"2025 Mobilya Modelleri\",\"publisher\":{\"@id\":\"https:\/\/vessemobilya.com\/#organization\"},\"potentialAction\":[{\"@type\":\"SearchAction\",\"target\":{\"@type\":\"EntryPoint\",\"urlTemplate\":\"https:\/\/vessemobilya.com\/?s={search_term_string}\"},\"query-input\":{\"@type\":\"PropertyValueSpecification\",\"valueRequired\":true,\"valueName\":\"search_term_string\"}}],\"inLanguage\":\"en-GB\"},{\"@type\":\"Organization\",\"@id\":\"https:\/\/vessemobilya.com\/#organization\",\"name\":\"Vesse Home\",\"url\":\"https:\/\/vessemobilya.com\/\",\"logo\":{\"@type\":\"ImageObject\",\"inLanguage\":\"en-GB\",\"@id\":\"https:\/\/vessemobilya.com\/#\/schema\/logo\/image\/\",\"url\":\"https:\/\/vessemobilya.com\/wp-content\/uploads\/2025\/09\/Varlik-3vesselogoyazi.svg\",\"contentUrl\":\"https:\/\/vessemobilya.com\/wp-content\/uploads\/2025\/09\/Varlik-3vesselogoyazi.svg\",\"width\":1111,\"height\":391,\"caption\":\"Vesse Home\"},\"image\":{\"@id\":\"https:\/\/vessemobilya.com\/#\/schema\/logo\/image\/\"}}]}<\/script>\n<!-- \/ Yoast SEO plugin. -->","yoast_head_json":{"title":"Siena K\u00f6\u015fe Koltuk Tak\u0131m\u0131 - Vesse Home","robots":{"index":"index","follow":"follow","max-snippet":"max-snippet:-1","max-image-preview":"max-image-preview:large","max-video-preview":"max-video-preview:-1"},"canonical":"https:\/\/vessemobilya.com\/en\/product\/siena-kose-koltuk-takimi-2\/","og_locale":"en_GB","og_type":"article","og_title":"Siena K\u00f6\u015fe Koltuk Tak\u0131m\u0131 - Vesse Home","og_url":"https:\/\/vessemobilya.com\/en\/product\/siena-kose-koltuk-takimi-2\/","og_site_name":"Vesse Home","article_modified_time":"2025-11-27T13:23:48+00:00","og_image":[{"width":1440,"height":913,"url":"https:\/\/vessemobilya.com\/wp-content\/uploads\/2025\/10\/urun-siesta-kose-koltuk-takimi-26.jpg","type":"image\/jpeg"}],"twitter_card":"summary_large_image","twitter_misc":{"Estimated reading time":"1 minute"},"schema":{"@context":"https:\/\/schema.org","@graph":[{"@type":"WebPage","@id":"https:\/\/vessemobilya.com\/urun\/siena-kose-koltuk-takimi-2\/","url":"https:\/\/vessemobilya.com\/urun\/siena-kose-koltuk-takimi-2\/","name":"Siena K\u00f6\u015fe Koltuk Tak\u0131m\u0131 - Vesse Home","isPartOf":{"@id":"https:\/\/vessemobilya.com\/#website"},"primaryImageOfPage":{"@id":"https:\/\/vessemobilya.com\/urun\/siena-kose-koltuk-takimi-2\/#primaryimage"},"image":{"@id":"https:\/\/vessemobilya.com\/urun\/siena-kose-koltuk-takimi-2\/#primaryimage"},"thumbnailUrl":"https:\/\/vessemobilya.com\/wp-content\/uploads\/2025\/10\/urun-siesta-kose-koltuk-takimi-26.jpg","datePublished":"2025-10-03T10:28:06+00:00","dateModified":"2025-11-27T13:23:48+00:00","breadcrumb":{"@id":"https:\/\/vessemobilya.com\/urun\/siena-kose-koltuk-takimi-2\/#breadcrumb"},"inLanguage":"en-GB","potentialAction":[{"@type":"ReadAction","target":["https:\/\/vessemobilya.com\/urun\/siena-kose-koltuk-takimi-2\/"]}]},{"@type":"ImageObject","inLanguage":"en-GB","@id":"https:\/\/vessemobilya.com\/urun\/siena-kose-koltuk-takimi-2\/#primaryimage","url":"https:\/\/vessemobilya.com\/wp-content\/uploads\/2025\/10\/urun-siesta-kose-koltuk-takimi-26.jpg","contentUrl":"https:\/\/vessemobilya.com\/wp-content\/uploads\/2025\/10\/urun-siesta-kose-koltuk-takimi-26.jpg","width":1440,"height":913},{"@type":"BreadcrumbList","@id":"https:\/\/vessemobilya.com\/urun\/siena-kose-koltuk-takimi-2\/#breadcrumb","itemListElement":[{"@type":"ListItem","position":1,"name":"Anasayfa","item":"https:\/\/vessemobilya.com\/"},{"@type":"ListItem","position":2,"name":"Ma\u011faza","item":"https:\/\/vessemobilya.com\/magaza\/"},{"@type":"ListItem","position":3,"name":"Siena K\u00f6\u015fe Koltuk Tak\u0131m\u0131"}]},{"@type":"WebSite","@id":"https:\/\/vessemobilya.com\/#website","url":"https:\/\/vessemobilya.com\/","name":"Vesse Home","description":"2025 Furniture Models","publisher":{"@id":"https:\/\/vessemobilya.com\/#organization"},"potentialAction":[{"@type":"SearchAction","target":{"@type":"EntryPoint","urlTemplate":"https:\/\/vessemobilya.com\/?s={search_term_string}"},"query-input":{"@type":"PropertyValueSpecification","valueRequired":true,"valueName":"search_term_string"}}],"inLanguage":"en-GB"},{"@type":"Organization","@id":"https:\/\/vessemobilya.com\/#organization","name":"Vesse Home","url":"https:\/\/vessemobilya.com\/","logo":{"@type":"ImageObject","inLanguage":"en-GB","@id":"https:\/\/vessemobilya.com\/#\/schema\/logo\/image\/","url":"https:\/\/vessemobilya.com\/wp-content\/uploads\/2025\/09\/Varlik-3vesselogoyazi.svg","contentUrl":"https:\/\/vessemobilya.com\/wp-content\/uploads\/2025\/09\/Varlik-3vesselogoyazi.svg","width":1111,"height":391,"caption":"Vesse Home"},"image":{"@id":"https:\/\/vessemobilya.com\/#\/schema\/logo\/image\/"}}]}},"_links":{"self":[{"href":"https:\/\/vessemobilya.com\/en\/wp-json\/wp\/v2\/product\/6571","targetHints":{"allow":["GET"]}}],"collection":[{"href":"https:\/\/vessemobilya.com\/en\/wp-json\/wp\/v2\/product"}],"about":[{"href":"https:\/\/vessemobilya.com\/en\/wp-json\/wp\/v2\/types\/product"}],"wp:featuredmedia":[{"embeddable":true,"href":"https:\/\/vessemobilya.com\/en\/wp-json\/wp\/v2\/media\/6592"}],"wp:attachment":[{"href":"https:\/\/vessemobilya.com\/en\/wp-json\/wp\/v2\/media?parent=6571"}],"wp:term":[{"taxonomy":"product_brand","embeddable":true,"href":"https:\/\/vessemobilya.com\/en\/wp-json\/wp\/v2\/product_brand?post=6571"},{"taxonomy":"product_cat","embeddable":true,"href":"https:\/\/vessemobilya.com\/en\/wp-json\/wp\/v2\/product_cat?post=6571"},{"taxonomy":"product_tag","embeddable":true,"href":"https:\/\/vessemobilya.com\/en\/wp-json\/wp\/v2\/product_tag?post=6571"}],"curies":[{"name":"wp","href":"https:\/\/api.w.org\/{rel}","templated":true}]}}